{"id":455,"date":"2024-09-04T15:21:58","date_gmt":"2024-09-04T15:21:58","guid":{"rendered":"https:\/\/innovation-tact.com\/sobre-nosotros\/"},"modified":"2024-09-16T11:47:09","modified_gmt":"2024-09-16T11:47:09","slug":"sobre-nosotros","status":"publish","type":"page","link":"https:\/\/innovation-tact.com\/es\/sobre-nosotros\/","title":{"rendered":"Sobre nosotros"},"content":{"rendered":"\n<div class=\"main-wrapper\">\n    \n\t<main class=\"content login-bg\">\n      <div class=\"intro-section abs\">\n        <div class=\"container w-container\">\n          <h1 class=\"intro-title green\">Acerca de Innovation Tact<br\/>\n<\/h1>\n        <\/div>\n      <\/div>\n      <div class=\"what-section\">\n        <div class=\"container w-container\">\n          <div class=\"cols what-cols\">\n            <div class=\"col-50 what-text-col\">\n              <h2 class=\"title what-title\">Emb\u00e1rcate en una expedici\u00f3n al n\u00facleo de la <span>innovaci\u00f3n Tact<\/span><br\/>\n<\/h2>\n              <p class=\"p what-p\">Tras la crisis financiera mundial de 2008, el auge de la moneda digital permiti\u00f3 a las personas tomar el control de sus finanzas.\nBitcoin, introducido en 2009, desempe\u00f1\u00f3 un papel vital en este cambio.\nA pesar de enfrentarse a retos como problemas de regulaci\u00f3n, confianza p\u00fablica y actividades il\u00edcitas, el mercado de las criptomonedas sigue ofreciendo grandes oportunidades a inversores y comerciantes.\nCon una amplia gama de monedas y fichas disponibles, las criptodivisas son sin duda el futuro del dinero y un activo valioso.   <br\/>\n<br\/>  Durante la \u00faltima d\u00e9cada, Bitcoin ha mantenido su posici\u00f3n como fuerza dominante en la industria de las criptomonedas, demostrando su volatilidad y potencial para la acumulaci\u00f3n de riqueza.\nEn Innovation Tact, aprovechamos este potencial mediante tecnolog\u00edas de vanguardia.\nNuestro software permite a los operadores capitalizar las fluctuaciones de los precios de las criptodivisas y generar beneficios diarios con precisi\u00f3n.\nCon nuestra plataforma totalmente automatizada, que funciona 24 horas al d\u00eda, 7 d\u00edas a la semana, puedes disfrutar de una experiencia de negociaci\u00f3n sin interrupciones.\nReconocido por la prestigiosa US Trading Association como uno de los principales programas de negociaci\u00f3n de criptomonedas, Innovation Tact garantiza a sus usuarios unos beneficios diarios constantes.    <br\/>\n<br\/>  \u00a1Emb\u00e1rcate hoy en un viaje criptogr\u00e1fico rentable con Innovation Tact!<\/p>\n              <div class=\"what-btn-wrap\">\n                <a href=\"#formTop\" class=\"btn what-btn w-button\"><\/a><a href=\"#formTop\">INSCR\u00cdBETE AHORA<\/a>\n              <\/div>\n            <\/div>\n            <div class=\"col-50 birth-img-col\">\n              <div class=\"what-img-wrap\"><img decoding=\"async\" src=\"https:\/\/innovation-tact.com\/wp-content\/uploads\/2024\/09\/what.webp\" alt=\"Innovation Tact - Emb\u00e1rcate en una expedici\u00f3n al n\u00facleo de la innovaci\u00f3n Tact\" class=\"what-img\"\/><\/div>\n            <\/div>\n          <\/div>\n        <\/div>\n      <\/div>\n      <div class=\"team-section\">\n        <div class=\"container w-container\">\n          <div class=\"cols team-cols\">\n            <div class=\"col-50 team-img-col\">\n              <div class=\"team-img-wrap\"><img decoding=\"async\" src=\"https:\/\/innovation-tact.com\/wp-content\/uploads\/2024\/09\/team.webp\" alt=\"Innovation Tact - Explorando la magnificencia de nuestro grupo\" class=\"team-img\"\/><\/div>\n            <\/div>\n            <div class=\"col-50 team-text-col\">\n              <h2 class=\"title\">Explorando la Magnificencia de <span>nuestro grupo<\/span><br\/>\n<\/h2>\n              <p class=\"p\">Los visionarios que est\u00e1n detr\u00e1s de Innovation Tact se unieron con el objetivo com\u00fan de revolucionar el comercio de criptomonedas mediante la adopci\u00f3n de t\u00e9cnicas automatizadas que permitan a los operadores obtener beneficios constantes de los mercados de criptomonedas.\nAl haber sido ellos mismos pioneros, ya hab\u00edan sido testigos del potencial del mercado de criptomonedas y pretend\u00edan maximizar la rentabilidad aplicando estrategias a corto plazo.\nCon la ayuda de talentosos ingenieros de software, el equipo desarroll\u00f3 con \u00e9xito el innovador software Innovation Tact.  <br\/>\n<br\/>  Este software de \u00faltima generaci\u00f3n est\u00e1 dise\u00f1ado espec\u00edficamente para ejecutar operaciones con Bitcoin y otros instrumentos financieros con una precisi\u00f3n inigualable, lo que permite a todos los operadores e inversores asegurarse beneficios diarios.\nAdem\u00e1s de su excepcional rendimiento, Innovation Tact ofrece un excepcional servicio de atenci\u00f3n al cliente, un sistema bancario simplificado, una interfaz de usuario intuitiva, verificaci\u00f3n instant\u00e1nea de la cuenta y asociaciones estrat\u00e9gicas con corredores de renombre. <\/p>\n              <div class=\"team-btn-wrap\">\n                <a href=\"#formTop\" class=\"btn w-button\">Inicia tu lucrativo viaje criptogr\u00e1fico<br\/> \u00danete a nuestra pr\u00f3spera red<\/a>\n              <\/div>\n            <\/div>\n          <\/div>\n        <\/div>\n      <\/div>\n    <\/main>\n    \n\n    <footer class=\"footer\">\n      <div class=\"container w-container\">\n        <div class=\"footer-cols\">\n          <div class=\"footer-col fc-1\">\n            <a href=\"\/\" class=\"footer-logo w-inline-block\">\n              <img decoding=\"async\" src=\"https:\/\/innovation-tact.com\/wp-content\/uploads\/2024\/09\/tact-logo-footer.png\" width=\"Auto\" alt=\"Innovation Tact - EXPERIMENTA AHORA LA MEMBRES\u00cdA GRATUITA\" class=\"footer-img\"\/>\n            <\/a>\n          <\/div>\n          <div class=\"footer-col fc-2\">\n            <div class=\"footer-nav-list\">\n              <div class=\"footer-nav-item\">\n                <a href=\"https:\/\/innovation-tact.com\/es\/sobre-nosotros\/\" class=\"footer-nav-link\"><\/a><a href=\"https:\/\/innovation-tact.com\/es\/sobre-nosotros\/\">Sobre nosotros<\/a>\n              <\/div>\n              <div class=\"footer-nav-item\">\n                <a href=\"https:\/\/innovation-tact.com\/terms\/\" class=\"footer-nav-link\"><\/a><a href=\"https:\/\/innovation-tact.com\/terms\/\">T\u00e9rminos y condiciones<\/a>\n              <\/div>\n              <div class=\"footer-nav-item\">\n                <a href=\"https:\/\/innovation-tact.com\/policy\/\" class=\"footer-nav-link\"><\/a><a href=\"https:\/\/innovation-tact.com\/policy\/\">Pol\u00edtica de privacidad<\/a>\n              <\/div>\n              <div class=\"footer-nav-item\">\n                <a href=\"https:\/\/innovation-tact.com\/es\/contacta-con-nosotros\/\" class=\"footer-nav-link\"><\/a><a href=\"https:\/\/innovation-tact.com\/es\/contacta-con-nosotros\/\">Contacta con nosotros<\/a>\n              <\/div>\n              <div class=\"footer-nav-item\">\n                <div class=\"copyright\"><span class=\"year\">@2024<\/span>\n<\/div>\n              <\/div>\n            <\/div>\n          <\/div>\n        <\/div>\n        <div class=\"footer-disclaimer\">ADVERTENCIA DE ALTO RIESGO: Operar con divisas, CFD y criptomonedas es altamente especulativo, conlleva un nivel de riesgo no despreciable y puede no ser adecuado para todos los inversores.\nPuedes perder parte o la totalidad de tu capital invertido, por lo que no debes especular con un capital que no puedas permitirte perder.\nConsulta la informaci\u00f3n sobre riesgos que figura a continuaci\u00f3n.\nInnovation Tact no obtiene ni pierde beneficios en funci\u00f3n de tu actividad y funciona como una empresa de servicios.\nInnovation Tact no es una empresa de servicios financieros y no puede proporcionar asesoramiento financiero.\nPor lo tanto, Innovation Tact no ser\u00e1 responsable de las p\u00e9rdidas que se produzcan a trav\u00e9s de este sitio web informativo o en relaci\u00f3n con \u00e9l.     <br\/>\n<br\/>  DECLARACI\u00d3N DE RIESGO DEL SITIO WEB: Innovation Tact no acepta ninguna responsabilidad por p\u00e9rdidas o da\u00f1os derivados de la confianza depositada en la informaci\u00f3n contenida en este sitio web; esto incluye material educativo, cotizaciones de precios y gr\u00e1ficos, y an\u00e1lisis.\nTen en cuenta los riesgos asociados a la negociaci\u00f3n en los mercados financieros y busca asesoramiento profesional al respecto; nunca inviertas m\u00e1s dinero del que puedas arriesgarte a perder.\nLos riesgos que entra\u00f1an las divisas, los CFD y las criptomonedas pueden no ser adecuados para todos los inversores.\nInnovation Tact no se responsabiliza de las p\u00e9rdidas comerciales que puedas sufrir como resultado del uso o deducci\u00f3n de los datos alojados en este sitio.   <br\/>\n<br\/>  RESTRICCIONES LEGALES: Sin limitar las disposiciones mencionadas anteriormente, entiendes que las leyes relativas a las actividades financieras var\u00edan en todo el mundo, y es tu responsabilidad asegurarte de que cumples adecuadamente cualquier ley, reglamento o directriz de tu pa\u00eds de residencia en relaci\u00f3n con el uso del Sitio.\nPara evitar cualquier duda, la posibilidad de acceder a nuestro Sitio no significa necesariamente que nuestros Servicios y\/o tus actividades a trav\u00e9s del Sitio sean legales seg\u00fan las leyes, reglamentos o directivas pertinentes a tu pa\u00eds de residencia.\nEs contrario a la ley solicitar a particulares estadounidenses que compren y vendan opciones sobre materias primas, aunque se denominen contratos de \u00abpredicci\u00f3n\u00bb, a menos que coticen en bolsa y se negocien en una bolsa registrada en la CFTC, a menos que est\u00e9n legalmente exentos.\nLa Autoridad de Conducta Financiera del Reino Unido ha emitido una declaraci\u00f3n pol\u00edtica PS20\/10, que proh\u00edbe la venta, promoci\u00f3n y distribuci\u00f3n de CFD sobre criptoactivos.\nProh\u00edbe la difusi\u00f3n de materiales de marketing relativos a la distribuci\u00f3n de CFD y otros productos financieros basados en Criptodivisas dirigidos a residentes en el Reino Unido.\nLa prestaci\u00f3n de servicios de negociaci\u00f3n que impliquen cualquier instrumento financiero MiFID II est\u00e1 prohibida en la UE, a menos que est\u00e9 autorizada\/licenciada por las autoridades y\/o regulador(es) aplicable(s).\nTen en cuenta que podemos recibir comisiones por publicidad para los usuarios que opten por abrir una cuenta con nuestros anunciantes asociados a trav\u00e9s de los sitios web de los anunciantes.\nHemos colocado cookies en tu ordenador para ayudar a mejorar tu experiencia al visitar este sitio web.\nPuedes cambiar la configuraci\u00f3n de las cookies en tu ordenador en cualquier momento.\nEl uso de este sitio web indica que lo aceptas.         <br\/>\n<br\/>  Ten en cuenta que los nombres que aparecen en nuestro sitio web, incluido Innovation Tact pero sin limitarse a \u00e9l, son estrictamente para fines de marketing e ilustrativos.\nEstos nombres no representan ni implican la existencia de entidades espec\u00edficas, proveedores de servicios o individuos de la vida real.\nAdem\u00e1s, las im\u00e1genes y\/o v\u00eddeos presentados en nuestro sitio web son de naturaleza puramente promocional y est\u00e1n protagonizados por actores profesionales.\nEstos actores no son usuarios, clientes o comerciantes reales, y sus representaciones no deben interpretarse como avales o representaciones de experiencias de la vida real.\nTodo el contenido est\u00e1 destinado \u00fanicamente a fines ilustrativos y no debe interpretarse como un hecho o como la formaci\u00f3n de cualquier relaci\u00f3n jur\u00eddicamente vinculante.    <\/div>\n      <\/div>\n    <\/footer>\n  <\/div>\n","protected":false},"excerpt":{"rendered":"<p>Acerca de Innovation Tact Emb\u00e1rcate en una expedici\u00f3n al n\u00facleo de la innovaci\u00f3n Tact Tras&hellip;<\/p>\n","protected":false},"author":1,"featured_media":0,"parent":0,"menu_order":0,"comment_status":"closed","ping_status":"closed","template":"","meta":{"rank_math_lock_modified_date":false,"_monsterinsights_skip_tracking":false,"_monsterinsights_sitenote_active":false,"_monsterinsights_sitenote_note":"","_monsterinsights_sitenote_category":0,"footnotes":""},"class_list":["post-455","page","type-page","status-publish","hentry"],"_links":{"self":[{"href":"https:\/\/innovation-tact.com\/es\/wp-json\/wp\/v2\/pages\/455","targetHints":{"allow":["GET"]}}],"collection":[{"href":"https:\/\/innovation-tact.com\/es\/wp-json\/wp\/v2\/pages"}],"about":[{"href":"https:\/\/innovation-tact.com\/es\/wp-json\/wp\/v2\/types\/page"}],"author":[{"embeddable":true,"href":"https:\/\/innovation-tact.com\/es\/wp-json\/wp\/v2\/users\/1"}],"replies":[{"embeddable":true,"href":"https:\/\/innovation-tact.com\/es\/wp-json\/wp\/v2\/comments?post=455"}],"version-history":[{"count":1,"href":"https:\/\/innovation-tact.com\/es\/wp-json\/wp\/v2\/pages\/455\/revisions"}],"predecessor-version":[{"id":456,"href":"https:\/\/innovation-tact.com\/es\/wp-json\/wp\/v2\/pages\/455\/revisions\/456"}],"wp:attachment":[{"href":"https:\/\/innovation-tact.com\/es\/wp-json\/wp\/v2\/media?parent=455"}],"curies":[{"name":"wp","href":"https:\/\/api.w.org\/{rel}","templated":true}]}}