{"id":451,"date":"2024-09-04T15:21:58","date_gmt":"2024-09-04T15:21:58","guid":{"rendered":"https:\/\/innovation-tact.com\/a-propos-de-nous\/"},"modified":"2024-09-16T11:47:09","modified_gmt":"2024-09-16T11:47:09","slug":"a-propos-de-nous","status":"publish","type":"page","link":"https:\/\/innovation-tact.com\/fr\/a-propos-de-nous\/","title":{"rendered":"A propos de nous"},"content":{"rendered":"\n<div class=\"main-wrapper\">\n    \n\t<main class=\"content login-bg\">\n      <div class=\"intro-section abs\">\n        <div class=\"container w-container\">\n          <h1 class=\"intro-title green\">\u00c0 propos d&rsquo;Innovation Tact<br\/>\n<\/h1>\n        <\/div>\n      <\/div>\n      <div class=\"what-section\">\n        <div class=\"container w-container\">\n          <div class=\"cols what-cols\">\n            <div class=\"col-50 what-text-col\">\n              <h2 class=\"title what-title\">Embarquez pour une exp\u00e9dition au c\u0153ur de l&rsquo;<span>innovation Tact<\/span><br\/>\n<\/h2>\n              <p class=\"p what-p\">Dans le sillage de la crise financi\u00e8re mondiale de 2008, l&rsquo;essor des monnaies num\u00e9riques a permis aux particuliers de prendre le contr\u00f4le de leurs finances.\nLe bitcoin, introduit en 2009, a jou\u00e9 un r\u00f4le essentiel dans cette \u00e9volution.\nBien qu&rsquo;il soit confront\u00e9 \u00e0 des d\u00e9fis tels que les questions r\u00e9glementaires, la confiance du public et les activit\u00e9s illicites, le march\u00e9 des crypto-monnaies continue d&rsquo;offrir de vastes opportunit\u00e9s aux investisseurs et aux traders.\nAvec un large \u00e9ventail de pi\u00e8ces et de jetons disponibles, les crypto-monnaies sont incontestablement l&rsquo;avenir de l&rsquo;argent et un actif pr\u00e9cieux.   <br\/>\n<br\/>  Au cours de la derni\u00e8re d\u00e9cennie, le bitcoin a conserv\u00e9 sa position de force dominante dans l&rsquo;industrie cryptographique, d\u00e9montrant sa volatilit\u00e9 et son potentiel d&rsquo;accumulation de richesse.\nChez Innovation Tact, nous exploitons ce potentiel en nous appuyant sur des technologies de pointe.\nNotre logiciel permet aux traders de capitaliser sur les fluctuations des prix des crypto-monnaies et de g\u00e9n\u00e9rer des profits quotidiens avec pr\u00e9cision.\nGr\u00e2ce \u00e0 notre plateforme enti\u00e8rement automatis\u00e9e fonctionnant 24 heures sur 24 et 7 jours sur 7, vous pouvez profiter d&rsquo;une exp\u00e9rience de trading sans faille.\nReconnu par l&rsquo;estim\u00e9e US Trading Association comme un logiciel de trading de crypto-monnaies de premier plan, Innovation Tact assure des profits quotidiens constants \u00e0 ses utilisateurs.    <br\/>\n<br\/>  Embarquez d\u00e8s aujourd&rsquo;hui pour un voyage cryptographique rentable avec Innovation Tact !<\/p>\n              <div class=\"what-btn-wrap\">\n                <a href=\"#formTop\" class=\"btn what-btn w-button\"><\/a><a href=\"#formTop\">INSCRIVEZ-VOUS MAINTENANT<\/a>\n              <\/div>\n            <\/div>\n            <div class=\"col-50 birth-img-col\">\n              <div class=\"what-img-wrap\"><img decoding=\"async\" src=\"https:\/\/innovation-tact.com\/wp-content\/uploads\/2024\/09\/what.webp\" alt=\"Innovation Tact - Embarquez pour une exp\u00e9dition au c\u0153ur de l'innovation Tact\" class=\"what-img\"\/><\/div>\n            <\/div>\n          <\/div>\n        <\/div>\n      <\/div>\n      <div class=\"team-section\">\n        <div class=\"container w-container\">\n          <div class=\"cols team-cols\">\n            <div class=\"col-50 team-img-col\">\n              <div class=\"team-img-wrap\"><img decoding=\"async\" src=\"https:\/\/innovation-tact.com\/wp-content\/uploads\/2024\/09\/team.webp\" alt=\"Innovation Tact - Explorer la magnificence de notre groupe\" class=\"team-img\"\/><\/div>\n            <\/div>\n            <div class=\"col-50 team-text-col\">\n              <h2 class=\"title\">Explorer la magnificence de <span>notre groupe<\/span><br\/>\n<\/h2>\n              <p class=\"p\">Les visionnaires \u00e0 l&rsquo;origine d&rsquo;Innovation Tact se sont r\u00e9unis autour d&rsquo;un objectif commun : r\u00e9volutionner le trading de crypto-monnaies gr\u00e2ce \u00e0 l&rsquo;adoption de techniques automatis\u00e9es permettant aux traders de r\u00e9aliser des profits r\u00e9guliers sur les march\u00e9s des crypto-monnaies.\nAyant \u00e9t\u00e9 eux-m\u00eames des adeptes de la premi\u00e8re heure, ils avaient d\u00e9j\u00e0 constat\u00e9 le potentiel du march\u00e9 des crypto-monnaies et cherchaient \u00e0 maximiser la rentabilit\u00e9 en mettant en \u0153uvre des strat\u00e9gies \u00e0 court terme.\nAvec l&rsquo;aide d&rsquo;ing\u00e9nieurs logiciels talentueux, l&rsquo;\u00e9quipe a d\u00e9velopp\u00e9 avec succ\u00e8s le logiciel innovant Innovation Tact.  <br\/>\n<br\/>  Ce logiciel de pointe est sp\u00e9cialement con\u00e7u pour ex\u00e9cuter des transactions sur le bitcoin et d&rsquo;autres instruments financiers avec une pr\u00e9cision in\u00e9gal\u00e9e, permettant \u00e0 tous les traders et investisseurs de s&rsquo;assurer des profits quotidiens.\nOutre ses performances exceptionnelles, Innovation Tact offre un support client exceptionnel, un syst\u00e8me bancaire rationalis\u00e9, une interface utilisateur intuitive, une v\u00e9rification instantan\u00e9e du compte et des partenariats strat\u00e9giques avec des courtiers r\u00e9put\u00e9s. <\/p>\n              <div class=\"team-btn-wrap\">\n                <a href=\"#formTop\" class=\"btn w-button\">D\u00e9marrez votre voyage lucratif en crypto-monnaie<br\/> Rejoignez notre r\u00e9seau prosp\u00e8re<\/a>\n              <\/div>\n            <\/div>\n          <\/div>\n        <\/div>\n      <\/div>\n    <\/main>\n    \n\n    <footer class=\"footer\">\n      <div class=\"container w-container\">\n        <div class=\"footer-cols\">\n          <div class=\"footer-col fc-1\">\n            <a href=\"\/\" class=\"footer-logo w-inline-block\">\n              <img decoding=\"async\" src=\"https:\/\/innovation-tact.com\/wp-content\/uploads\/2024\/09\/tact-logo-footer.png\" width=\"Auto\" alt=\"Innovation Tact - EXP\u00c9RIMENTER L'ADH\u00c9SION GRATUITE D\u00c8S MAINTENANT\" class=\"footer-img\"\/>\n            <\/a>\n          <\/div>\n          <div class=\"footer-col fc-2\">\n            <div class=\"footer-nav-list\">\n              <div class=\"footer-nav-item\">\n                <a href=\"https:\/\/innovation-tact.com\/fr\/a-propos-de-nous\/\" class=\"footer-nav-link\"><\/a><a href=\"https:\/\/innovation-tact.com\/fr\/a-propos-de-nous\/\">A propos de nous<\/a>\n              <\/div>\n              <div class=\"footer-nav-item\">\n                <a href=\"https:\/\/innovation-tact.com\/terms\/\" class=\"footer-nav-link\"><\/a><a href=\"https:\/\/innovation-tact.com\/terms\/\">Conditions g\u00e9n\u00e9rales d&rsquo;utilisation<\/a>\n              <\/div>\n              <div class=\"footer-nav-item\">\n                <a href=\"https:\/\/innovation-tact.com\/policy\/\" class=\"footer-nav-link\"><\/a><a href=\"https:\/\/innovation-tact.com\/policy\/\">Politique de confidentialit\u00e9<\/a>\n              <\/div>\n              <div class=\"footer-nav-item\">\n                <a href=\"https:\/\/innovation-tact.com\/fr\/contactez-nous\/\" class=\"footer-nav-link\"><\/a><a href=\"https:\/\/innovation-tact.com\/fr\/contactez-nous\/\">Contactez nous<\/a>\n              <\/div>\n              <div class=\"footer-nav-item\">\n                <div class=\"copyright\">@<span class=\"year\">2024<\/span>\n<\/div>\n              <\/div>\n            <\/div>\n          <\/div>\n        <\/div>\n        <div class=\"footer-disclaimer\">AVERTISSEMENT SUR LE RISQUE \u00c9LEV\u00c9 : Traiter ou n\u00e9gocier des devises, des CFD et des crypto-monnaies est hautement sp\u00e9culatif, comporte un niveau de risque non n\u00e9gligeable et peut ne pas convenir \u00e0 tous les investisseurs.\nVous pouvez perdre une partie ou la totalit\u00e9 de votre capital investi, c&rsquo;est pourquoi vous ne devez pas sp\u00e9culer avec un capital que vous ne pouvez pas vous permettre de perdre.\nVeuillez vous r\u00e9f\u00e9rer \u00e0 l&rsquo;information sur les risques ci-dessous.\nInnovation Tact ne gagne ni ne perd de b\u00e9n\u00e9fices sur la base de votre activit\u00e9 et op\u00e8re en tant que soci\u00e9t\u00e9 de services.\nInnovation Tact n&rsquo;est pas une soci\u00e9t\u00e9 de services financiers et n&rsquo;est pas habilit\u00e9e \u00e0 fournir des conseils financiers.\nPar cons\u00e9quent, Innovation Tact n&rsquo;est pas responsable des pertes subies par l&rsquo;interm\u00e9diaire de ce site web d&rsquo;information ou en relation avec celui-ci.     <br\/>\n<br\/>  DIVULGATION DES RISQUES DU SITE : Innovation Tact n&rsquo;accepte aucune responsabilit\u00e9 en cas de perte ou de dommage r\u00e9sultant de la confiance accord\u00e9e aux informations contenues dans ce site web, y compris le mat\u00e9riel p\u00e9dagogique, les cotations de prix et les graphiques, ainsi que les analyses.\nSoyez conscient des risques associ\u00e9s \u00e0 la n\u00e9gociation des march\u00e9s financiers et demandez conseil \u00e0 un professionnel ; n&rsquo;investissez jamais plus d&rsquo;argent que vous ne risquez d&rsquo;en perdre.\nLes risques li\u00e9s aux op\u00e9rations de change, aux CFD et aux crypto-monnaies peuvent ne pas convenir \u00e0 tous les investisseurs.\nInnovation Tact n&rsquo;est pas responsable des pertes de trading que vous pourriez subir suite \u00e0 l&rsquo;utilisation ou \u00e0 la d\u00e9duction des donn\u00e9es h\u00e9berg\u00e9es sur ce site.   <br\/>\n<br\/>  RESTRICTIONS JURIDIQUES : Sans limiter les dispositions susmentionn\u00e9es, vous comprenez que les lois concernant les activit\u00e9s financi\u00e8res varient dans le monde entier et qu&rsquo;il est de votre responsabilit\u00e9 de vous assurer que vous respectez correctement toute loi, r\u00e9glementation ou directive de votre pays de r\u00e9sidence concernant l&rsquo;utilisation du site.\nPour \u00e9viter toute ambigu\u00eft\u00e9, la possibilit\u00e9 d&rsquo;acc\u00e9der \u00e0 notre site ne signifie pas n\u00e9cessairement que nos services et\/ou vos activit\u00e9s par l&rsquo;interm\u00e9diaire du site sont l\u00e9gaux au regard des lois, r\u00e8glements ou directives en vigueur dans votre pays de r\u00e9sidence.\nIl est ill\u00e9gal de solliciter des particuliers am\u00e9ricains pour acheter et vendre des options sur mati\u00e8res premi\u00e8res, m\u00eame s&rsquo;il s&rsquo;agit de contrats \u00ab\u00a0pr\u00e9visionnels\u00a0\u00bb, \u00e0 moins qu&rsquo;ils ne soient cot\u00e9s et n\u00e9goci\u00e9s sur une bourse enregistr\u00e9e aupr\u00e8s de la CFTC, \u00e0 moins qu&rsquo;ils ne soient l\u00e9galement exempt\u00e9s.\nLa Financial Conduct Authority du Royaume-Uni a publi\u00e9 une d\u00e9claration de principe PS20\/10, qui interdit la vente, la promotion et la distribution de CFD sur les crypto-actifs.\nElle interdit la diffusion de mat\u00e9riel de marketing relatif \u00e0 la distribution de CFD et d&rsquo;autres produits financiers bas\u00e9s sur les crypto-monnaies qui s&rsquo;adressent aux r\u00e9sidents du Royaume-Uni.\nLa fourniture de services de trading impliquant tout instrument financier MiFID II est interdite dans l&rsquo;UE, sauf si elle est autoris\u00e9e\/licenci\u00e9e par les autorit\u00e9s et\/ou le(s) r\u00e9gulateur(s) applicable(s).\nVeuillez noter que nous pouvons percevoir des frais de publicit\u00e9 pour les utilisateurs qui choisissent d&rsquo;ouvrir un compte aupr\u00e8s de nos partenaires annonceurs via les sites web des annonceurs.\nNous avons plac\u00e9 des cookies sur votre ordinateur afin d&rsquo;am\u00e9liorer votre exp\u00e9rience lorsque vous visitez ce site web.\nVous pouvez modifier les param\u00e8tres des cookies sur votre ordinateur \u00e0 tout moment.\nL&rsquo;utilisation de ce site web indique que vous l&rsquo;acceptez.         <br\/>\n<br\/>  Veuillez noter que les noms figurant sur notre site web, y compris, mais sans s&rsquo;y limiter, Innovation Tact, sont strictement utilis\u00e9s \u00e0 des fins de marketing et d&rsquo;illustration.\nCes noms ne repr\u00e9sentent ni n&rsquo;impliquent l&rsquo;existence d&rsquo;entit\u00e9s sp\u00e9cifiques, de fournisseurs de services ou de personnes r\u00e9elles.\nEn outre, les photos et\/ou vid\u00e9os pr\u00e9sent\u00e9es sur notre site web sont de nature purement promotionnelle et mettent en sc\u00e8ne des acteurs professionnels.\nCes acteurs ne sont pas des utilisateurs, des clients ou des n\u00e9gociants r\u00e9els, et leurs repr\u00e9sentations ne doivent pas \u00eatre interpr\u00e9t\u00e9es comme des approbations ou des repr\u00e9sentations d&rsquo;exp\u00e9riences r\u00e9elles.\nTout le contenu est destin\u00e9 uniquement \u00e0 des fins d&rsquo;illustration et ne doit pas \u00eatre interpr\u00e9t\u00e9 comme \u00e9tant factuel ou comme formant une relation juridiquement contraignante.    <\/div>\n      <\/div>\n    <\/footer>\n  <\/div>\n","protected":false},"excerpt":{"rendered":"<p>\u00c0 propos d&rsquo;Innovation Tact Embarquez pour une exp\u00e9dition au c\u0153ur de l&rsquo;innovation Tact Dans le&hellip;<\/p>\n","protected":false},"author":1,"featured_media":0,"parent":0,"menu_order":0,"comment_status":"closed","ping_status":"closed","template":"","meta":{"rank_math_lock_modified_date":false,"_monsterinsights_skip_tracking":false,"_monsterinsights_sitenote_active":false,"_monsterinsights_sitenote_note":"","_monsterinsights_sitenote_category":0,"footnotes":""},"class_list":["post-451","page","type-page","status-publish","hentry"],"_links":{"self":[{"href":"https:\/\/innovation-tact.com\/fr\/wp-json\/wp\/v2\/pages\/451","targetHints":{"allow":["GET"]}}],"collection":[{"href":"https:\/\/innovation-tact.com\/fr\/wp-json\/wp\/v2\/pages"}],"about":[{"href":"https:\/\/innovation-tact.com\/fr\/wp-json\/wp\/v2\/types\/page"}],"author":[{"embeddable":true,"href":"https:\/\/innovation-tact.com\/fr\/wp-json\/wp\/v2\/users\/1"}],"replies":[{"embeddable":true,"href":"https:\/\/innovation-tact.com\/fr\/wp-json\/wp\/v2\/comments?post=451"}],"version-history":[{"count":1,"href":"https:\/\/innovation-tact.com\/fr\/wp-json\/wp\/v2\/pages\/451\/revisions"}],"predecessor-version":[{"id":452,"href":"https:\/\/innovation-tact.com\/fr\/wp-json\/wp\/v2\/pages\/451\/revisions\/452"}],"wp:attachment":[{"href":"https:\/\/innovation-tact.com\/fr\/wp-json\/wp\/v2\/media?parent=451"}],"curies":[{"name":"wp","href":"https:\/\/api.w.org\/{rel}","templated":true}]}}