{"id":447,"date":"2024-09-04T15:21:58","date_gmt":"2024-09-04T15:21:58","guid":{"rendered":"https:\/\/innovation-tact.com\/ueber-uns\/"},"modified":"2024-09-16T11:47:09","modified_gmt":"2024-09-16T11:47:09","slug":"ueber-uns","status":"publish","type":"page","link":"https:\/\/innovation-tact.com\/gsw\/ueber-uns\/","title":{"rendered":"\u00dcber uns"},"content":{"rendered":"\n<div class=\"main-wrapper\">\n    \n\t<main class=\"content login-bg\">\n      <div class=\"intro-section abs\">\n        <div class=\"container w-container\">\n          <h1 class=\"intro-title green\">\u00dcber Innovation Tact<br\/>\n<\/h1>\n        <\/div>\n      <\/div>\n      <div class=\"what-section\">\n        <div class=\"container w-container\">\n          <div class=\"cols what-cols\">\n            <div class=\"col-50 what-text-col\">\n              <h2 class=\"title what-title\">Begeben Sie sich auf eine Expedition in den Kern des <span>Innovationstakts<\/span><br\/>\n<\/h2>\n              <p class=\"p what-p\">Nach der globalen Finanzkrise von 2008 erm\u00f6glichte der Aufstieg der digitalen W\u00e4hrungen den Menschen, die Kontrolle \u00fcber ihre Finanzen zu \u00fcbernehmen.\nBitcoin, das 2009 eingef\u00fchrt wurde, spielte bei diesem Wandel eine entscheidende Rolle.\nObwohl der Markt f\u00fcr Kryptow\u00e4hrungen mit Herausforderungen wie Regulierungsfragen, \u00f6ffentlichem Vertrauen und illegalen Aktivit\u00e4ten konfrontiert ist, bietet er Anlegern und H\u00e4ndlern nach wie vor gro\u00dfe Chancen.\nMit einer gro\u00dfen Auswahl an M\u00fcnzen und Token sind Kryptow\u00e4hrungen zweifellos die Zukunft des Geldes und ein wertvoller Verm\u00f6genswert.   <br\/>\n<br\/>  In den letzten zehn Jahren hat Bitcoin seine Position als dominierende Kraft in der Kryptoindustrie behauptet und seine Volatilit\u00e4t und sein Potenzial zur Verm\u00f6gensbildung unter Beweis gestellt.\nBei Innovation Tact machen wir uns dieses Potenzial zunutze, indem wir modernste Technologien einsetzen.\nUnsere Software erm\u00f6glicht es H\u00e4ndlern, von den Kursschwankungen der Kryptow\u00e4hrungen zu profitieren und mit Pr\u00e4zision t\u00e4gliche Gewinne zu erzielen.\nMit unserer vollautomatischen Plattform, die rund um die Uhr in Betrieb ist, k\u00f6nnen Sie ein nahtloses Handelserlebnis genie\u00dfen.\nInnovation Tact wurde von der angesehenen US Trading Association als f\u00fchrende Software f\u00fcr den Handel mit Kryptow\u00e4hrungen anerkannt und sichert seinen Nutzern konstante t\u00e4gliche Gewinne.    <br\/>\n<br\/>  Begeben Sie sich noch heute mit Innovation Tact auf eine profitable Krypto-Reise!<\/p>\n              <div class=\"what-btn-wrap\">\n                <a href=\"#formTop\" class=\"btn what-btn w-button\"><\/a><a href=\"#formTop\">JETZT ANMELDEN<\/a>\n              <\/div>\n            <\/div>\n            <div class=\"col-50 birth-img-col\">\n              <div class=\"what-img-wrap\"><img decoding=\"async\" src=\"https:\/\/innovation-tact.com\/wp-content\/uploads\/2024\/09\/what.webp\" alt=\"Innovationstakt - Begeben Sie sich auf eine Expedition in den Kern von Innovationstakt\" class=\"what-img\"\/><\/div>\n            <\/div>\n          <\/div>\n        <\/div>\n      <\/div>\n      <div class=\"team-section\">\n        <div class=\"container w-container\">\n          <div class=\"cols team-cols\">\n            <div class=\"col-50 team-img-col\">\n              <div class=\"team-img-wrap\"><img decoding=\"async\" src=\"https:\/\/innovation-tact.com\/wp-content\/uploads\/2024\/09\/team.webp\" alt=\"Innovation Tact - Die Gro\u00dfartigkeit unserer Gruppe erforschen\" class=\"team-img\"\/><\/div>\n            <\/div>\n            <div class=\"col-50 team-text-col\">\n              <h2 class=\"title\">Die Gro\u00dfartigkeit <span>unserer Gruppe<\/span> erforschen<br\/>\n<\/h2>\n              <p class=\"p\">Die Vision\u00e4re hinter Innovation Tact haben sich mit dem gemeinsamen Ziel zusammengeschlossen, den Kryptow\u00e4hrungshandel durch die Einf\u00fchrung automatisierter Techniken zu revolutionieren, die es H\u00e4ndlern erm\u00f6glichen, best\u00e4ndige Gewinne auf den Kryptom\u00e4rkten zu erzielen.\nDa sie selbst zu den Early Adopters geh\u00f6rten, hatten sie bereits das Potenzial des Kryptomarktes erkannt und wollten die Rentabilit\u00e4t durch die Umsetzung kurzfristiger Strategien maximieren.\nMit der Unterst\u00fctzung talentierter Software-Ingenieure entwickelte das Team erfolgreich die innovative Innovation Tact Software.  <br\/>\n<br\/>  Diese hochmoderne Software wurde speziell entwickelt, um den Handel mit Bitcoin und anderen Finanzinstrumenten mit un\u00fcbertroffener Genauigkeit auszuf\u00fchren und allen H\u00e4ndlern und Anlegern die M\u00f6glichkeit zu geben, sich t\u00e4gliche Gewinne zu sichern.\nNeben seiner au\u00dfergew\u00f6hnlichen Leistung bietet Innovation Tact einen hervorragenden Kundensupport, ein optimiertes Banksystem, eine intuitive Benutzeroberfl\u00e4che, eine sofortige Kontoverifizierung und strategische Partnerschaften mit renommierten Brokern. <\/p>\n              <div class=\"team-btn-wrap\">\n                <a href=\"#formTop\" class=\"btn w-button\">Starten Sie Ihre lukrative Krypto-Reise<br\/> Treten Sie unserem florierenden Netzwerk bei<\/a>\n              <\/div>\n            <\/div>\n          <\/div>\n        <\/div>\n      <\/div>\n    <\/main>\n    \n\n    <footer class=\"footer\">\n      <div class=\"container w-container\">\n        <div class=\"footer-cols\">\n          <div class=\"footer-col fc-1\">\n            <a href=\"\/\" class=\"footer-logo w-inline-block\">\n              <img decoding=\"async\" src=\"https:\/\/innovation-tact.com\/wp-content\/uploads\/2024\/09\/tact-logo-footer.png\" width=\"Auto\" alt=\"Innovation Tact - Jetzt KOSTENLOSE MITGLIEDSCHAFT ERLEBEN\" class=\"footer-img\"\/>\n            <\/a>\n          <\/div>\n          <div class=\"footer-col fc-2\">\n            <div class=\"footer-nav-list\">\n              <div class=\"footer-nav-item\">\n                <a href=\"https:\/\/innovation-tact.com\/gsw\/ueber-uns\/\" class=\"footer-nav-link\"><\/a><a href=\"https:\/\/innovation-tact.com\/gsw\/ueber-uns\/\">\u00dcber uns<\/a>\n              <\/div>\n              <div class=\"footer-nav-item\">\n                <a href=\"https:\/\/innovation-tact.com\/terms\/\" class=\"footer-nav-link\"><\/a><a href=\"https:\/\/innovation-tact.com\/terms\/\">Bedingungen und Konditionen<\/a>\n              <\/div>\n              <div class=\"footer-nav-item\">\n                <a href=\"https:\/\/innovation-tact.com\/policy\/\" class=\"footer-nav-link\"><\/a><a href=\"https:\/\/innovation-tact.com\/policy\/\">Datenschutzbestimmungen<\/a>\n              <\/div>\n              <div class=\"footer-nav-item\">\n                <a href=\"https:\/\/innovation-tact.com\/gsw\/kontaktieren-sie-uns\/\" class=\"footer-nav-link\"><\/a><a href=\"https:\/\/innovation-tact.com\/gsw\/kontaktieren-sie-uns\/\">Kontaktieren Sie uns<\/a>\n              <\/div>\n              <div class=\"footer-nav-item\">\n                <div class=\"copyright\"><span class=\"year\">@2024<\/span>\n<\/div>\n              <\/div>\n            <\/div>\n          <\/div>\n        <\/div>\n        <div class=\"footer-disclaimer\">WARNUNG VOR HOHEM RISIKO: Der Handel mit Devisen, CFDs und Kryptow\u00e4hrungen ist hochspekulativ, birgt ein nicht zu vernachl\u00e4ssigendes Risiko und ist m\u00f6glicherweise nicht f\u00fcr alle Anleger geeignet.\nSie k\u00f6nnen einen Teil oder Ihr gesamtes investiertes Kapital verlieren. Daher sollten Sie nicht mit Kapital spekulieren, dessen Verlust Sie sich nicht leisten k\u00f6nnen.\nBitte beachten Sie die nachstehende Risikoaufkl\u00e4rung.\nInnovation Tact erzielt oder verliert keine Gewinne auf der Grundlage Ihrer Aktivit\u00e4ten und ist als Dienstleistungsunternehmen t\u00e4tig.\nInnovation Tact ist kein Finanzdienstleistungsunternehmen und ist nicht berechtigt, Finanzberatung zu leisten.\nDaher haftet Innovation Tact nicht f\u00fcr Verluste, die \u00fcber oder in Verbindung mit dieser Informations-Website entstanden sind.     <br\/>\n<br\/>  OFFENLEGUNG DER WEBSITE-RISIKEN: Innovation Tact \u00fcbernimmt keine Haftung f\u00fcr Verluste oder Sch\u00e4den, die sich aus dem Vertrauen auf die auf dieser Website enthaltenen Informationen ergeben; dies gilt auch f\u00fcr Lehrmaterial, Kursnotierungen und Charts sowie Analysen.\nSeien Sie sich der Risiken bewusst, die mit dem Handel an den Finanzm\u00e4rkten verbunden sind, und lassen Sie sich professionell beraten; investieren Sie nie mehr Geld, als Sie verlieren k\u00f6nnen.\nDie mit Devisen, CFDs und Kryptow\u00e4hrungen verbundenen Risiken sind m\u00f6glicherweise nicht f\u00fcr alle Anleger geeignet.\nInnovation Tact \u00fcbernimmt keine Verantwortung f\u00fcr Handelsverluste, die Ihnen durch die Nutzung der auf dieser Website bereitgestellten Daten oder durch Schlussfolgerungen daraus entstehen.   <br\/>\n<br\/>  RECHTLICHE BESCHR\u00c4NKUNGEN: Ohne die oben genannten Bestimmungen einzuschr\u00e4nken, sind Sie sich dar\u00fcber im Klaren, dass die Gesetze in Bezug auf finanzielle Aktivit\u00e4ten weltweit variieren, und es liegt in Ihrer Verantwortung, sicherzustellen, dass Sie alle Gesetze, Verordnungen oder Richtlinien in Ihrem Wohnsitzland in Bezug auf die Nutzung der Website ordnungsgem\u00e4\u00df einhalten.\nUm jeden Zweifel auszuschlie\u00dfen, bedeutet die M\u00f6glichkeit, auf unsere Website zuzugreifen, nicht notwendigerweise, dass unsere Dienstleistungen und\/oder Ihre Aktivit\u00e4ten \u00fcber die Website gem\u00e4\u00df den Gesetzen, Vorschriften oder Richtlinien Ihres Wohnsitzlandes legal sind.\nEs verst\u00f6\u00dft gegen das Gesetz, US-Personen zum Kauf und Verkauf von Rohstoffoptionen aufzufordern, auch wenn diese als &#171;Vorhersage&#187;-Kontrakte bezeichnet werden, es sei denn, sie sind zum Handel zugelassen und werden an einer CFTC-registrierten B\u00f6rse gehandelt, es sei denn, sie sind gesetzlich davon ausgenommen.\nDie britische Financial Conduct Authority hat eine Grundsatzerkl\u00e4rung PS20\/10 herausgegeben, die den Verkauf, die Werbung und den Vertrieb von CFD auf Krypto-Assets verbietet.\nSie verbietet die Verbreitung von Marketingmaterialien, die sich auf den Vertrieb von CFDs und anderen Finanzprodukten auf Basis von Kryptow\u00e4hrungen beziehen und sich an im Vereinigten K\u00f6nigreich ans\u00e4ssige Personen richten.\nDie Erbringung von Handelsdienstleistungen im Zusammenhang mit MiFID II-Finanzinstrumenten ist in der EU verboten, es sei denn, sie sind von den zust\u00e4ndigen Beh\u00f6rden und\/oder Regulierungsbeh\u00f6rden genehmigt\/lizenziert.\nBitte beachten Sie, dass wir m\u00f6glicherweise Werbegeb\u00fchren f\u00fcr Nutzer erhalten, die sich f\u00fcr die Er\u00f6ffnung eines Kontos bei unseren Werbepartnern \u00fcber die Websites der Werbepartner entscheiden.\nWir haben Cookies auf Ihrem Computer platziert, um Ihren Besuch auf dieser Website zu verbessern.\nSie k\u00f6nnen die Cookie-Einstellungen auf Ihrem Computer jederzeit \u00e4ndern.\nDurch die Nutzung dieser Website erkl\u00e4ren Sie sich mit dieser Website einverstanden.         <br\/>\n<br\/>  Bitte beachten Sie, dass die auf unserer Website abgebildeten Namen, einschlie\u00dflich, aber nicht beschr\u00e4nkt auf Innovation Tact, ausschlie\u00dflich zu Marketing- und Illustrationszwecken dienen.\nDiese Namen repr\u00e4sentieren oder implizieren nicht die Existenz von bestimmten Unternehmen, Dienstleistern oder realen Personen.\nAu\u00dferdem sind die auf unserer Website gezeigten Bilder und\/oder Videos rein werblicher Natur und zeigen professionelle Schauspieler.\nBei diesen Schauspielern handelt es sich nicht um tats\u00e4chliche Nutzer, Kunden oder H\u00e4ndler, und ihre Darstellungen sollten nicht als Bef\u00fcrwortungen oder Darstellungen realer Erfahrungen interpretiert werden.\nAlle Inhalte dienen ausschlie\u00dflich der Veranschaulichung und sollten nicht als Tatsachenbehauptung oder als Begr\u00fcndung einer rechtsverbindlichen Beziehung ausgelegt werden.    <\/div>\n      <\/div>\n    <\/footer>\n  <\/div>\n","protected":false},"excerpt":{"rendered":"<p>\u00dcber Innovation Tact Begeben Sie sich auf eine Expedition in den Kern des Innovationstakts Nach&hellip;<\/p>\n","protected":false},"author":1,"featured_media":0,"parent":0,"menu_order":0,"comment_status":"closed","ping_status":"closed","template":"","meta":{"rank_math_lock_modified_date":false,"_monsterinsights_skip_tracking":false,"_monsterinsights_sitenote_active":false,"_monsterinsights_sitenote_note":"","_monsterinsights_sitenote_category":0,"footnotes":""},"class_list":["post-447","page","type-page","status-publish","hentry"],"_links":{"self":[{"href":"https:\/\/innovation-tact.com\/gsw\/wp-json\/wp\/v2\/pages\/447","targetHints":{"allow":["GET"]}}],"collection":[{"href":"https:\/\/innovation-tact.com\/gsw\/wp-json\/wp\/v2\/pages"}],"about":[{"href":"https:\/\/innovation-tact.com\/gsw\/wp-json\/wp\/v2\/types\/page"}],"author":[{"embeddable":true,"href":"https:\/\/innovation-tact.com\/gsw\/wp-json\/wp\/v2\/users\/1"}],"replies":[{"embeddable":true,"href":"https:\/\/innovation-tact.com\/gsw\/wp-json\/wp\/v2\/comments?post=447"}],"version-history":[{"count":1,"href":"https:\/\/innovation-tact.com\/gsw\/wp-json\/wp\/v2\/pages\/447\/revisions"}],"predecessor-version":[{"id":449,"href":"https:\/\/innovation-tact.com\/gsw\/wp-json\/wp\/v2\/pages\/447\/revisions\/449"}],"wp:attachment":[{"href":"https:\/\/innovation-tact.com\/gsw\/wp-json\/wp\/v2\/media?parent=447"}],"curies":[{"name":"wp","href":"https:\/\/api.w.org\/{rel}","templated":true}]}}