{"id":446,"date":"2024-09-04T15:21:58","date_gmt":"2024-09-04T15:21:58","guid":{"rendered":"https:\/\/innovation-tact.com\/chi-siamo\/"},"modified":"2024-09-16T11:47:08","modified_gmt":"2024-09-16T11:47:08","slug":"chi-siamo","status":"publish","type":"page","link":"https:\/\/innovation-tact.com\/it\/chi-siamo\/","title":{"rendered":"Chi siamo"},"content":{"rendered":"\n<div class=\"main-wrapper\">\n    \n\t<main class=\"content login-bg\">\n      <div class=\"intro-section abs\">\n        <div class=\"container w-container\">\n          <h1 class=\"intro-title green\">Informazioni su Innovation Tact<br\/>\n<\/h1>\n        <\/div>\n      <\/div>\n      <div class=\"what-section\">\n        <div class=\"container w-container\">\n          <div class=\"cols what-cols\">\n            <div class=\"col-50 what-text-col\">\n              <h2 class=\"title what-title\">Parti per una spedizione nel cuore dell&#8217;<span>innovazione Tact<\/span><br\/>\n<\/h2>\n              <p class=\"p what-p\">Sulla scia della crisi finanziaria globale del 2008, l&#8217;ascesa delle valute digitali ha permesso agli individui di prendere il controllo delle proprie finanze.\nIl Bitcoin, introdotto nel 2009, ha svolto un ruolo fondamentale in questo cambiamento.\nNonostante le sfide che deve affrontare, come i problemi di regolamentazione, la fiducia del pubblico e le attivit\u00e0 illecite, il mercato delle criptovalute continua a offrire grandi opportunit\u00e0 per gli investitori e i trader.\nCon un&#8217;ampia gamma di monete e token disponibili, le criptovalute sono senza dubbio il futuro del denaro e un bene prezioso.   <br\/>\n<br\/>  Negli ultimi dieci anni, il Bitcoin ha mantenuto la sua posizione di forza dominante nel settore delle criptovalute, dimostrando la sua volatilit\u00e0 e il suo potenziale di accumulo di ricchezza.\nNoi di Innovation Tact sfruttiamo questo potenziale facendo leva su tecnologie all&#8217;avanguardia.\nIl nostro software permette ai trader di capitalizzare le fluttuazioni di prezzo delle criptovalute e di generare profitti giornalieri con precisione.\nGrazie alla nostra piattaforma completamente automatizzata e attiva 24 ore su 24, 7 giorni su 7, potrai godere di un&#8217;esperienza di trading senza interruzioni.\nRiconosciuto dalla stimata US Trading Association come software leader nel trading di criptovalute, Innovation Tact assicura ai suoi utenti profitti giornalieri costanti.    <br\/>\n<br\/>  Parti per un viaggio redditizio in criptovaluta oggi stesso con Innovation Tact!<\/p>\n              <div class=\"what-btn-wrap\">\n                <a href=\"#formTop\" class=\"btn what-btn w-button\"><\/a><a href=\"#formTop\">REGISTRATI ORA<\/a>\n              <\/div>\n            <\/div>\n            <div class=\"col-50 birth-img-col\">\n              <div class=\"what-img-wrap\"><img decoding=\"async\" src=\"https:\/\/innovation-tact.com\/wp-content\/uploads\/2024\/09\/what.webp\" alt=\"Innovazione Tact - Parti per una spedizione nel cuore dell'innovazione Tact\" class=\"what-img\"\/><\/div>\n            <\/div>\n          <\/div>\n        <\/div>\n      <\/div>\n      <div class=\"team-section\">\n        <div class=\"container w-container\">\n          <div class=\"cols team-cols\">\n            <div class=\"col-50 team-img-col\">\n              <div class=\"team-img-wrap\"><img decoding=\"async\" src=\"https:\/\/innovation-tact.com\/wp-content\/uploads\/2024\/09\/team.webp\" alt=\"Innovation Tact - Esplorare la magnificenza del nostro gruppo\" class=\"team-img\"\/><\/div>\n            <\/div>\n            <div class=\"col-50 team-text-col\">\n              <h2 class=\"title\">Esplorare la magnificenza del <span>nostro gruppo<\/span><br\/>\n<\/h2>\n              <p class=\"p\">I visionari dietro Innovation Tact si sono uniti con l&#8217;obiettivo comune di rivoluzionare il trading di criptovalute attraverso l&#8217;adozione di tecniche automatizzate che consentano ai trader di ottenere profitti costanti dai mercati delle criptovalute.\nEssendo stati loro stessi degli early adopters, avevano gi\u00e0 visto il potenziale del mercato delle criptovalute e miravano a massimizzare la redditivit\u00e0 implementando strategie a breve termine.\nCon l&#8217;aiuto di talentuosi ingegneri informatici, il team ha sviluppato con successo l&#8217;innovativo software Innovation Tact.  <br\/>\n<br\/>  Questo software all&#8217;avanguardia \u00e8 stato progettato appositamente per eseguire operazioni su Bitcoin e altri strumenti finanziari con una precisione senza pari, consentendo a tutti i trader e gli investitori di assicurarsi profitti quotidiani.\nOltre alle sue eccezionali prestazioni, Innovation Tact offre un&#8217;eccezionale assistenza clienti, un sistema bancario semplificato, un&#8217;interfaccia utente intuitiva, la verifica istantanea del conto e partnership strategiche con broker affidabili. <\/p>\n              <div class=\"team-btn-wrap\">\n                <a href=\"#formTop\" class=\"btn w-button\">Dai il via al tuo lucroso viaggio in cripto<br\/> Unisciti al nostro fiorente network<\/a>\n              <\/div>\n            <\/div>\n          <\/div>\n        <\/div>\n      <\/div>\n    <\/main>\n    \n\n    <footer class=\"footer\">\n      <div class=\"container w-container\">\n        <div class=\"footer-cols\">\n          <div class=\"footer-col fc-1\">\n            <a href=\"\/\" class=\"footer-logo w-inline-block\">\n              <img decoding=\"async\" src=\"https:\/\/innovation-tact.com\/wp-content\/uploads\/2024\/09\/tact-logo-footer.png\" width=\"Auto\" alt=\"Innovation Tact - Sperimenta subito un abbonamento gratuito\" class=\"footer-img\"\/>\n            <\/a>\n          <\/div>\n          <div class=\"footer-col fc-2\">\n            <div class=\"footer-nav-list\">\n              <div class=\"footer-nav-item\">\n                <a href=\"https:\/\/innovation-tact.com\/it\/chi-siamo\/\" class=\"footer-nav-link\"><\/a><a href=\"https:\/\/innovation-tact.com\/it\/chi-siamo\/\">Chi siamo<\/a>\n              <\/div>\n              <div class=\"footer-nav-item\">\n                <a href=\"https:\/\/innovation-tact.com\/terms\/\" class=\"footer-nav-link\"><\/a><a href=\"https:\/\/innovation-tact.com\/terms\/\">Termini e condizioni<\/a>\n              <\/div>\n              <div class=\"footer-nav-item\">\n                <a href=\"https:\/\/innovation-tact.com\/policy\/\" class=\"footer-nav-link\"><\/a><a href=\"https:\/\/innovation-tact.com\/policy\/\">Informativa sulla privacy<\/a>\n              <\/div>\n              <div class=\"footer-nav-item\">\n                <a href=\"https:\/\/innovation-tact.com\/it\/contattaci\/\" class=\"footer-nav-link\"><\/a><a href=\"https:\/\/innovation-tact.com\/it\/contattaci\/\">Contattaci<\/a>\n              <\/div>\n              <div class=\"footer-nav-item\">\n                <div class=\"copyright\"><span class=\"year\">@2024<\/span>\n<\/div>\n              <\/div>\n            <\/div>\n          <\/div>\n        <\/div>\n        <div class=\"footer-disclaimer\">AVVISO DI ALTO RISCHIO: la negoziazione di FX, CFD e criptovalute \u00e8 altamente speculativa, comporta un livello di rischio non trascurabile e potrebbe non essere adatta a tutti gli investitori.\nPotresti perdere una parte o la totalit\u00e0 del capitale investito, pertanto non dovresti speculare con un capitale che non puoi permetterti di perdere.\nConsulta le informazioni sui rischi riportate di seguito.\nInnovation Tact non guadagna o perde profitti in base alla tua attivit\u00e0 e opera come una societ\u00e0 di servizi.\nInnovation Tact non \u00e8 una societ\u00e0 di servizi finanziari e non pu\u00f2 fornire consulenza finanziaria.\nPertanto, Innovation Tact non sar\u00e0 responsabile di eventuali perdite subite tramite o in relazione a questo sito web informativo.     <br\/>\n<br\/>  INFORMATIVA SUI RISCHI DEL SITO: Innovation Tact non si assume alcuna responsabilit\u00e0 per perdite o danni derivanti dall&#8217;affidamento alle informazioni contenute in questo sito web; ci\u00f2 include materiale didattico, quotazioni, grafici e analisi.\nTi invitiamo a conoscere e a richiedere una consulenza professionale per i rischi associati al trading sui mercati finanziari; non investire mai pi\u00f9 denaro di quanto tu possa rischiare di perdere.\nI rischi legati a FX, CFD e criptovalute potrebbero non essere adatti a tutti gli investitori.\nInnovation Tact non si assume alcuna responsabilit\u00e0 per le perdite di trading che potresti subire in seguito all&#8217;utilizzo o alla deduzione dei dati presenti su questo sito.   <br\/>\n<br\/>  RESTRIZIONI LEGALI: Senza limitare le disposizioni di cui sopra, l&#8217;utente \u00e8 consapevole che le leggi in materia di attivit\u00e0 finanziarie variano in tutto il mondo ed \u00e8 sua responsabilit\u00e0 assicurarsi di rispettare correttamente qualsiasi legge, regolamento o direttiva del suo paese di residenza in merito all&#8217;uso del Sito.\nPer evitare qualsiasi dubbio, la possibilit\u00e0 di accedere al nostro Sito non significa necessariamente che i nostri Servizi e\/o le tue attivit\u00e0 attraverso il Sito siano legali ai sensi delle leggi, dei regolamenti o delle direttive vigenti nel tuo paese di residenza.\n\u00c8 contro la legge sollecitare individui statunitensi all&#8217;acquisto e alla vendita di opzioni su materie prime, anche se sono chiamate &#8220;contratti di previsione&#8221;, a meno che non siano quotate per la negoziazione e negoziate su una borsa registrata dalla CFTC, a meno che non siano legalmente esenti.\nLa Financial Conduct Authority del Regno Unito ha emesso una dichiarazione di politica PS20\/10, che vieta la vendita, la promozione e la distribuzione di CFD su asset Crypto.\nVieta la diffusione di materiali di marketing relativi alla distribuzione di CFD e altri prodotti finanziari basati sulle criptovalute rivolti ai residenti nel Regno Unito.\nLa fornitura di servizi di trading che coinvolgono strumenti finanziari MiFID II \u00e8 vietata nell&#8217;UE, a meno che non sia autorizzata\/licenziata dalle autorit\u00e0 e\/o dalle autorit\u00e0 di regolamentazione applicabili.\nSi prega di notare che potremmo ricevere commissioni pubblicitarie per gli utenti che scelgono di aprire un conto con i nostri inserzionisti partner attraverso i siti web degli inserzionisti.\nAbbiamo inserito dei cookie nel tuo computer per aiutarti a migliorare la tua esperienza di visita a questo sito web.\nPuoi modificare le impostazioni dei cookie sul tuo computer in qualsiasi momento.\nL&#8217;utilizzo di questo sito web indica l&#8217;accettazione di questo sito web.         <br\/>\n<br\/>  Ti informiamo che i nomi presenti sul nostro sito web, inclusi, ma non solo, quelli di Innovation Tact, sono strettamente legati a finalit\u00e0 di marketing e illustrative.\nQuesti nomi non rappresentano o implicano l&#8217;esistenza di entit\u00e0 specifiche, fornitori di servizi o individui reali.\nInoltre, le immagini e\/o i video presentati sul nostro sito web sono di natura puramente promozionale e presentano attori professionisti.\nQuesti attori non sono utenti, clienti o trader reali e le loro rappresentazioni non devono essere interpretate come approvazioni o rappresentazioni di esperienze reali.\nTutti i contenuti sono intesi esclusivamente a scopo illustrativo e non devono essere interpretati come fatti concreti o come relazioni legalmente vincolanti.    <\/div>\n      <\/div>\n    <\/footer>\n  <\/div>\n","protected":false},"excerpt":{"rendered":"<p>Informazioni su Innovation Tact Parti per una spedizione nel cuore dell&#8217;innovazione Tact Sulla scia della&hellip;<\/p>\n","protected":false},"author":1,"featured_media":0,"parent":0,"menu_order":0,"comment_status":"closed","ping_status":"closed","template":"","meta":{"rank_math_lock_modified_date":false,"_monsterinsights_skip_tracking":false,"_monsterinsights_sitenote_active":false,"_monsterinsights_sitenote_note":"","_monsterinsights_sitenote_category":0,"footnotes":""},"class_list":["post-446","page","type-page","status-publish","hentry"],"_links":{"self":[{"href":"https:\/\/innovation-tact.com\/it\/wp-json\/wp\/v2\/pages\/446","targetHints":{"allow":["GET"]}}],"collection":[{"href":"https:\/\/innovation-tact.com\/it\/wp-json\/wp\/v2\/pages"}],"about":[{"href":"https:\/\/innovation-tact.com\/it\/wp-json\/wp\/v2\/types\/page"}],"author":[{"embeddable":true,"href":"https:\/\/innovation-tact.com\/it\/wp-json\/wp\/v2\/users\/1"}],"replies":[{"embeddable":true,"href":"https:\/\/innovation-tact.com\/it\/wp-json\/wp\/v2\/comments?post=446"}],"version-history":[{"count":1,"href":"https:\/\/innovation-tact.com\/it\/wp-json\/wp\/v2\/pages\/446\/revisions"}],"predecessor-version":[{"id":448,"href":"https:\/\/innovation-tact.com\/it\/wp-json\/wp\/v2\/pages\/446\/revisions\/448"}],"wp:attachment":[{"href":"https:\/\/innovation-tact.com\/it\/wp-json\/wp\/v2\/media?parent=446"}],"curies":[{"name":"wp","href":"https:\/\/api.w.org\/{rel}","templated":true}]}}