{"id":459,"date":"2024-09-04T15:21:58","date_gmt":"2024-09-04T15:21:58","guid":{"rendered":"https:\/\/innovation-tact.com\/om-oss\/"},"modified":"2024-09-16T11:47:10","modified_gmt":"2024-09-16T11:47:10","slug":"om-oss","status":"publish","type":"page","link":"https:\/\/innovation-tact.com\/no\/om-oss\/","title":{"rendered":"Om oss"},"content":{"rendered":"\n<div class=\"main-wrapper\">\n    \n\t<main class=\"content login-bg\">\n      <div class=\"intro-section abs\">\n        <div class=\"container w-container\">\n          <h1 class=\"intro-title green\">Om Innovation Tact<br\/>\n<\/h1>\n        <\/div>\n      <\/div>\n      <div class=\"what-section\">\n        <div class=\"container w-container\">\n          <div class=\"cols what-cols\">\n            <div class=\"col-50 what-text-col\">\n              <h2 class=\"title what-title\">Bli med p\u00e5 en ekspedisjon inn i kjernen av <span>Innovation Tact<\/span><br\/>\n<\/h2>\n              <p class=\"p what-p\">I kj\u00f8lvannet av den globale finanskrisen i 2008 fikk enkeltpersoner mulighet til \u00e5 ta kontroll over egen \u00f8konomi ved hjelp av digital valuta.\nBitcoin, som ble introdusert i 2009, spilte en viktig rolle i dette skiftet.\nTil tross for utfordringer knyttet til regulatoriske sp\u00f8rsm\u00e5l, offentlig tillit og ulovlig virksomhet, fortsetter kryptovalutamarkedet \u00e5 by p\u00e5 enorme muligheter for investorer og tradere.\nMed et bredt utvalg av mynter og tokens tilgjengelig, er kryptovalutaer utvilsomt fremtidens penger og en verdifull eiendel.   <br\/>\n<br\/>  I l\u00f8pet av det siste ti\u00e5ret har Bitcoin opprettholdt sin posisjon som den dominerende kraften i kryptobransjen, noe som har demonstrert dens volatilitet og potensial for formuesoppbygging.\nHos Innovation Tact utnytter vi dette potensialet ved \u00e5 utnytte toppmoderne teknologi.\nProgramvaren v\u00e5r gj\u00f8r det mulig for tradere \u00e5 kapitalisere p\u00e5 kurssvingninger i kryptovaluta og generere daglig fortjeneste med presisjon.\nMed v\u00e5r helautomatiske plattform som er i drift 24\/7, kan du nyte en s\u00f8ml\u00f8s handelsopplevelse.\nInnovation Tact er anerkjent av den anerkjente US Trading Association som en ledende programvare for handel med kryptovaluta, og sikrer jevn daglig fortjeneste for sine brukere.    <br\/>\n<br\/>  Legg ut p\u00e5 en l\u00f8nnsom kryptoreise i dag med Innovation Tact!<\/p>\n              <div class=\"what-btn-wrap\">\n                <a href=\"#formTop\" class=\"btn what-btn w-button\"><\/a><a href=\"#formTop\">REGISTRER N\u00c5<\/a>\n              <\/div>\n            <\/div>\n            <div class=\"col-50 birth-img-col\">\n              <div class=\"what-img-wrap\"><img decoding=\"async\" src=\"https:\/\/innovation-tact.com\/wp-content\/uploads\/2024\/09\/what.webp\" alt=\"Innovation Tact - Bli med p\u00e5 en ekspedisjon inn i kjernen av Innovation Tact\" class=\"what-img\"\/><\/div>\n            <\/div>\n          <\/div>\n        <\/div>\n      <\/div>\n      <div class=\"team-section\">\n        <div class=\"container w-container\">\n          <div class=\"cols team-cols\">\n            <div class=\"col-50 team-img-col\">\n              <div class=\"team-img-wrap\"><img decoding=\"async\" src=\"https:\/\/innovation-tact.com\/wp-content\/uploads\/2024\/09\/team.webp\" alt=\"Innovation Tact - Utforsk storslagenheten i konsernet v\u00e5rt\" class=\"team-img\"\/><\/div>\n            <\/div>\n            <div class=\"col-50 team-text-col\">\n              <h2 class=\"title\">Utforsk storslagenheten i <span>gruppen v\u00e5r<\/span><br\/>\n<\/h2>\n              <p class=\"p\">Visjon\u00e6rene bak Innovation Tact forente seg med et felles m\u00e5l om \u00e5 revolusjonere kryptovalutahandel ved \u00e5 ta i bruk automatiserte teknikker som gj\u00f8r det mulig for tradere \u00e5 tjene jevn fortjeneste fra kryptomarkedene.\nDe hadde selv v\u00e6rt tidlig ute med \u00e5 ta i bruk teknologien, og de hadde allerede sett potensialet i kryptomarkedet og hadde som m\u00e5l \u00e5 maksimere l\u00f8nnsomheten ved \u00e5 implementere kortsiktige strategier.\nMed hjelp fra talentfulle programvareingeni\u00f8rer utviklet teamet den innovative programvaren Innovation Tact.  <br\/>\n<br\/>  Denne toppmoderne programvaren er spesielt utviklet for \u00e5 utf\u00f8re handler p\u00e5 Bitcoin og andre finansielle instrumenter med uovertruffen n\u00f8yaktighet, noe som gir alle tradere og investorer mulighet til \u00e5 sikre daglig fortjeneste.\nI tillegg til eksepsjonell ytelse tilbyr Innovation Tact eksepsjonell kundest\u00f8tte, et str\u00f8mlinjeformet banksystem, et intuitivt brukergrensesnitt, umiddelbar kontoverifisering og strategiske partnerskap med anerkjente meglere. <\/p>\n              <div class=\"team-btn-wrap\">\n                <a href=\"#formTop\" class=\"btn w-button\">Kickstart din lukrative kryptoreise<br\/> Bli med i v\u00e5rt blomstrende nettverk<\/a>\n              <\/div>\n            <\/div>\n          <\/div>\n        <\/div>\n      <\/div>\n    <\/main>\n    \n\n    <footer class=\"footer\">\n      <div class=\"container w-container\">\n        <div class=\"footer-cols\">\n          <div class=\"footer-col fc-1\">\n            <a href=\"\/\" class=\"footer-logo w-inline-block\">\n              <img decoding=\"async\" src=\"https:\/\/innovation-tact.com\/wp-content\/uploads\/2024\/09\/tact-logo-footer.png\" width=\"Auto\" alt=\"Innovation Tact - OPPLEV GRATIS MEDLEMSKAP N\u00c5\" class=\"footer-img\"\/>\n            <\/a>\n          <\/div>\n          <div class=\"footer-col fc-2\">\n            <div class=\"footer-nav-list\">\n              <div class=\"footer-nav-item\">\n                <a href=\"https:\/\/innovation-tact.com\/no\/om-oss\/\" class=\"footer-nav-link\"><\/a><a href=\"https:\/\/innovation-tact.com\/no\/om-oss\/\">Om oss<\/a>\n              <\/div>\n              <div class=\"footer-nav-item\">\n                <a href=\"https:\/\/innovation-tact.com\/terms\/\" class=\"footer-nav-link\"><\/a><a href=\"https:\/\/innovation-tact.com\/terms\/\">Vilk\u00e5r og betingelser<\/a>\n              <\/div>\n              <div class=\"footer-nav-item\">\n                <a href=\"https:\/\/innovation-tact.com\/policy\/\" class=\"footer-nav-link\"><\/a><a href=\"https:\/\/innovation-tact.com\/policy\/\">Retningslinjer for personvern<\/a>\n              <\/div>\n              <div class=\"footer-nav-item\">\n                <a href=\"https:\/\/innovation-tact.com\/no\/kontakt-oss\/\" class=\"footer-nav-link\"><\/a><a href=\"https:\/\/innovation-tact.com\/no\/kontakt-oss\/\">Kontakt oss<\/a>\n              <\/div>\n              <div class=\"footer-nav-item\">\n                <div class=\"copyright\"><span class=\"year\">@2024<\/span>\n<\/div>\n              <\/div>\n            <\/div>\n          <\/div>\n        <\/div>\n        <div class=\"footer-disclaimer\">ADVARSEL OM H\u00d8Y RISIKO: Handel med valuta, CFD-er og kryptovaluta er sv\u00e6rt spekulativt, inneb\u00e6rer en ikke ubetydelig risiko og er kanskje ikke egnet for alle investorer.\nDu kan tape hele eller deler av den investerte kapitalen din, og du b\u00f8r derfor ikke spekulere med kapital som du ikke har r\u00e5d til \u00e5 tape.\nVennligst se risikoopplysningene nedenfor.\nInnovation Tact tjener eller taper ikke fortjeneste basert p\u00e5 din aktivitet og opererer som et serviceselskap.\nInnovation Tact er ikke et finansforetak og er ikke kvalifisert til \u00e5 gi finansiell r\u00e5dgivning.\nInnovation Tact er derfor ikke ansvarlig for eventuelle tap som oppst\u00e5r via eller i forbindelse med dette informasjonsnettstedet.     <br\/>\n<br\/>  OPPLYSNING OM NETTSTEDETS RISIKO: Innovation Tact p\u00e5tar seg ikke noe ansvar for tap eller skade som f\u00f8lge av at du stoler p\u00e5 informasjonen p\u00e5 dette nettstedet, inkludert oppl\u00e6ringsmateriell, kursnoteringer, diagrammer og analyser.\nV\u00e6r oppmerksom p\u00e5 og s\u00f8k profesjonell r\u00e5dgivning om risikoen forbundet med handel i finansmarkedene; invester aldri mer penger enn du kan risikere \u00e5 tape.\nRisikoen forbundet med valuta, CFD-er og kryptovaluta er kanskje ikke egnet for alle investorer.\nInnovation Tact p\u00e5tar seg ikke ansvar for eventuelle handelstap du m\u00e5tte lide som f\u00f8lge av bruk av eller utledning fra dataene p\u00e5 dette nettstedet.   <br\/>\n<br\/>  JURIDISKE BEGRENSNINGER: Uten \u00e5 begrense de ovennevnte bestemmelsene, forst\u00e5r du at lovene om finansielle aktiviteter varierer over hele verden, og det er ditt ansvar \u00e5 s\u00f8rge for at du overholder alle lover, forskrifter eller retningslinjer i ditt bostedsland n\u00e5r det gjelder bruk av Nettstedet.\nFor \u00e5 unng\u00e5 enhver tvil, betyr ikke muligheten til \u00e5 f\u00e5 tilgang til nettstedet v\u00e5rt n\u00f8dvendigvis at v\u00e5re tjenester og\/eller dine aktiviteter via nettstedet er lovlige i henhold til lover, forskrifter eller direktiver som er relevante for ditt bostedsland.\nDet er ulovlig \u00e5 oppfordre amerikanske privatpersoner til \u00e5 kj\u00f8pe og selge r\u00e5vareopsjoner, selv om de kalles &laquo;prediksjonskontrakter&raquo;, med mindre de er notert for handel og omsettes p\u00e5 en CFTC-registrert b\u00f8rs, med mindre de er unntatt ved lov.\nFinancial Conduct Authority i Storbritannia har utstedt en policyuttalelse PS20\/10, som forbyr salg, markedsf\u00f8ring og distribusjon av CFD-er p\u00e5 kryptoaktiva.\nDen forbyr spredning av markedsf\u00f8ringsmateriell knyttet til distribusjon av CFD-er og andre finansielle produkter basert p\u00e5 kryptovalutaer som er rettet mot innbyggere i Storbritannia.\nDet er forbudt \u00e5 tilby handelstjenester som involverer finansielle instrumenter i henhold til MiFID II i EU, med mindre de er autorisert\/lisensiert av gjeldende myndigheter og\/eller regulator(er).\nV\u00e6r oppmerksom p\u00e5 at vi kan motta annonseringsgebyrer for brukere som velger \u00e5 \u00e5pne en konto hos v\u00e5re partnerannons\u00f8rer via annons\u00f8renes nettsteder.\nVi har plassert informasjonskapsler p\u00e5 datamaskinen din for \u00e5 forbedre opplevelsen din n\u00e5r du bes\u00f8ker dette nettstedet.\nDu kan n\u00e5r som helst endre innstillingene for informasjonskapsler p\u00e5 datamaskinen din.\nBruk av dette nettstedet indikerer at du godtar dette nettstedet.         <br\/>\n<br\/>  Vi gj\u00f8r oppmerksom p\u00e5 at navnene p\u00e5 nettstedet v\u00e5rt, inkludert, men ikke begrenset til, Innovation Tact, kun brukes i markedsf\u00f8rings\u00f8yemed og til illustrasjonsform\u00e5l.\nDisse navnene representerer eller antyder ikke eksistensen av spesifikke enheter, tjenesteleverand\u00f8rer eller virkelige personer.\nVidere er bildene og\/eller videoene som presenteres p\u00e5 nettstedet v\u00e5rt av rent salgsfremmende karakter og inneholder profesjonelle skuespillere.\nDisse skuespillerne er ikke faktiske brukere, kunder eller tradere, og deres skildringer skal ikke tolkes som anbefalinger eller representasjoner av virkelige opplevelser.\nAlt innhold er kun ment for illustrasjonsform\u00e5l og skal ikke tolkes som fakta eller som et juridisk bindende forhold.    <\/div>\n      <\/div>\n    <\/footer>\n  <\/div>\n","protected":false},"excerpt":{"rendered":"<p>Om Innovation Tact Bli med p\u00e5 en ekspedisjon inn i kjernen av Innovation Tact I&hellip;<\/p>\n","protected":false},"author":1,"featured_media":0,"parent":0,"menu_order":0,"comment_status":"closed","ping_status":"closed","template":"","meta":{"rank_math_lock_modified_date":false,"_monsterinsights_skip_tracking":false,"_monsterinsights_sitenote_active":false,"_monsterinsights_sitenote_note":"","_monsterinsights_sitenote_category":0,"footnotes":""},"class_list":["post-459","page","type-page","status-publish","hentry"],"_links":{"self":[{"href":"https:\/\/innovation-tact.com\/no\/wp-json\/wp\/v2\/pages\/459","targetHints":{"allow":["GET"]}}],"collection":[{"href":"https:\/\/innovation-tact.com\/no\/wp-json\/wp\/v2\/pages"}],"about":[{"href":"https:\/\/innovation-tact.com\/no\/wp-json\/wp\/v2\/types\/page"}],"author":[{"embeddable":true,"href":"https:\/\/innovation-tact.com\/no\/wp-json\/wp\/v2\/users\/1"}],"replies":[{"embeddable":true,"href":"https:\/\/innovation-tact.com\/no\/wp-json\/wp\/v2\/comments?post=459"}],"version-history":[{"count":1,"href":"https:\/\/innovation-tact.com\/no\/wp-json\/wp\/v2\/pages\/459\/revisions"}],"predecessor-version":[{"id":461,"href":"https:\/\/innovation-tact.com\/no\/wp-json\/wp\/v2\/pages\/459\/revisions\/461"}],"wp:attachment":[{"href":"https:\/\/innovation-tact.com\/no\/wp-json\/wp\/v2\/media?parent=459"}],"curies":[{"name":"wp","href":"https:\/\/api.w.org\/{rel}","templated":true}]}}