{"id":450,"date":"2024-09-04T15:21:58","date_gmt":"2024-09-04T15:21:58","guid":{"rendered":"https:\/\/innovation-tact.com\/om-oss\/"},"modified":"2024-09-16T11:47:09","modified_gmt":"2024-09-16T11:47:09","slug":"om-oss","status":"publish","type":"page","link":"https:\/\/innovation-tact.com\/sv\/om-oss\/","title":{"rendered":"Om oss"},"content":{"rendered":"\n<div class=\"main-wrapper\">\n    \n\t<main class=\"content login-bg\">\n      <div class=\"intro-section abs\">\n        <div class=\"container w-container\">\n          <h1 class=\"intro-title green\">Om Innovation Tact<br\/>\n<\/h1>\n        <\/div>\n      <\/div>\n      <div class=\"what-section\">\n        <div class=\"container w-container\">\n          <div class=\"cols what-cols\">\n            <div class=\"col-50 what-text-col\">\n              <h2 class=\"title what-title\">F\u00f6lj med p\u00e5 en expedition in i k\u00e4rnan av <span>Innovation Tact<\/span><br\/>\n<\/h2>\n              <p class=\"p what-p\">I k\u00f6lvattnet av den globala finanskrisen 2008 gav \u00f6kningen av digital valuta individer m\u00f6jlighet att ta kontroll \u00f6ver sin ekonomi.\nBitcoin, som introducerades 2009, spelade en viktig roll i detta skifte.\nTrots utmaningar som regleringsfr\u00e5gor, allm\u00e4nhetens f\u00f6rtroende och olagliga aktiviteter forts\u00e4tter kryptovalutamarknaden att erbjuda enorma m\u00f6jligheter f\u00f6r investerare och handlare.\nMed ett brett utbud av mynt och tokens tillg\u00e4ngliga \u00e4r kryptovalutor utan tvekan pengarnas framtid och en v\u00e4rdefull tillg\u00e5ng.   <br\/>\n<br\/>  Under det senaste decenniet har Bitcoin beh\u00e5llit sin position som den dominerande kraften i kryptobranschen, vilket visar p\u00e5 dess volatilitet och potential f\u00f6r f\u00f6rm\u00f6genhetsackumulering.\nP\u00e5 Innovation Tact utnyttjar vi denna potential genom att utnyttja toppmodern teknik.\nV\u00e5r programvara g\u00f6r det m\u00f6jligt f\u00f6r handlare att dra nytta av prisfluktuationer i kryptovalutor och generera dagliga vinster med precision.\nMed v\u00e5r helautomatiserade plattform som fungerar 24\/7 kan du njuta av en s\u00f6ml\u00f6s handelsupplevelse.\nInnovation Tact \u00e4r erk\u00e4nd av den ansedda US Trading Association som en ledande programvara f\u00f6r handel med kryptovalutor och s\u00e4kerst\u00e4ller konsekventa dagliga vinster f\u00f6r sina anv\u00e4ndare.    <br\/>\n<br\/>  B\u00f6rja p\u00e5 en l\u00f6nsam kryptoresa idag med Innovation Tact!<\/p>\n              <div class=\"what-btn-wrap\">\n                <a href=\"#formTop\" class=\"btn what-btn w-button\"><\/a><a href=\"#formTop\">REGISTRERA DIG NU<\/a>\n              <\/div>\n            <\/div>\n            <div class=\"col-50 birth-img-col\">\n              <div class=\"what-img-wrap\"><img decoding=\"async\" src=\"https:\/\/innovation-tact.com\/wp-content\/uploads\/2024\/09\/what.webp\" alt=\"Innovation Tact - F\u00f6lj med p\u00e5 en expedition in i k\u00e4rnan av Innovation Tact\" class=\"what-img\"\/><\/div>\n            <\/div>\n          <\/div>\n        <\/div>\n      <\/div>\n      <div class=\"team-section\">\n        <div class=\"container w-container\">\n          <div class=\"cols team-cols\">\n            <div class=\"col-50 team-img-col\">\n              <div class=\"team-img-wrap\"><img decoding=\"async\" src=\"https:\/\/innovation-tact.com\/wp-content\/uploads\/2024\/09\/team.webp\" alt=\"Innovation Tact - Utforska v\u00e5r grupps storhet\" class=\"team-img\"\/><\/div>\n            <\/div>\n            <div class=\"col-50 team-text-col\">\n              <h2 class=\"title\">Utforska <span>v\u00e5r grupps<\/span> storslagenhet<br\/>\n<\/h2>\n              <p class=\"p\">Vision\u00e4rerna bakom Innovation Tact f\u00f6renades med ett gemensamt m\u00e5l att revolutionera kryptovalutahandeln genom att inf\u00f6ra automatiserade tekniker som g\u00f6r det m\u00f6jligt f\u00f6r handlare att tj\u00e4na konsekventa vinster fr\u00e5n kryptomarknaderna.\nDe hade sj\u00e4lva varit tidigt ute och hade redan sett kryptomarknadens potential och str\u00e4vade efter att maximera l\u00f6nsamheten genom att implementera kortsiktiga strategier.\nMed hj\u00e4lp av beg\u00e5vade programvaruingenj\u00f6rer lyckades teamet utveckla den innovativa programvaran Innovation Tact.  <br\/>\n<br\/>  Denna toppmoderna programvara \u00e4r speciellt utformad f\u00f6r att utf\u00f6ra aff\u00e4rer p\u00e5 Bitcoin och andra finansiella instrument med o\u00f6vertr\u00e4ffad noggrannhet, vilket g\u00f6r det m\u00f6jligt f\u00f6r alla handlare och investerare att s\u00e4kra dagliga vinster.\nVid sidan av sin exceptionella prestanda erbjuder Innovation Tact exceptionell kundsupport, ett str\u00f6mlinjeformat banksystem, ett intuitivt anv\u00e4ndargr\u00e4nssnitt, omedelbar kontoverifiering och strategiska partnerskap med ansedda m\u00e4klare. <\/p>\n              <div class=\"team-btn-wrap\">\n                <a href=\"#formTop\" class=\"btn w-button\">Kickstarta din lukrativa kryptoresa<br\/> G\u00e5 med i v\u00e5rt blomstrande n\u00e4tverk<\/a>\n              <\/div>\n            <\/div>\n          <\/div>\n        <\/div>\n      <\/div>\n    <\/main>\n    \n\n    <footer class=\"footer\">\n      <div class=\"container w-container\">\n        <div class=\"footer-cols\">\n          <div class=\"footer-col fc-1\">\n            <a href=\"\/\" class=\"footer-logo w-inline-block\">\n              <img decoding=\"async\" src=\"https:\/\/innovation-tact.com\/wp-content\/uploads\/2024\/09\/tact-logo-footer.png\" width=\"Auto\" alt=\"Innovation Tact - UPPLEV GRATIS MEDLEMSKAP NU\" class=\"footer-img\"\/>\n            <\/a>\n          <\/div>\n          <div class=\"footer-col fc-2\">\n            <div class=\"footer-nav-list\">\n              <div class=\"footer-nav-item\">\n                <a href=\"https:\/\/innovation-tact.com\/sv\/om-oss\/\" class=\"footer-nav-link\"><\/a><a href=\"https:\/\/innovation-tact.com\/sv\/om-oss\/\">Om oss<\/a>\n              <\/div>\n              <div class=\"footer-nav-item\">\n                <a href=\"https:\/\/innovation-tact.com\/terms\/\" class=\"footer-nav-link\"><\/a><a href=\"https:\/\/innovation-tact.com\/terms\/\">Villkor och anvisningar<\/a>\n              <\/div>\n              <div class=\"footer-nav-item\">\n                <a href=\"https:\/\/innovation-tact.com\/policy\/\" class=\"footer-nav-link\"><\/a><a href=\"https:\/\/innovation-tact.com\/policy\/\">Integritetspolicy<\/a>\n              <\/div>\n              <div class=\"footer-nav-item\">\n                <a href=\"https:\/\/innovation-tact.com\/sv\/kontakta-oss\/\" class=\"footer-nav-link\"><\/a><a href=\"https:\/\/innovation-tact.com\/sv\/kontakta-oss\/\">Kontakta oss<\/a>\n              <\/div>\n              <div class=\"footer-nav-item\">\n                <div class=\"copyright\"><span class=\"year\">@2024<\/span>\n<\/div>\n              <\/div>\n            <\/div>\n          <\/div>\n        <\/div>\n        <div class=\"footer-disclaimer\">VARNING F\u00d6R H\u00d6G RISK: Handel med valutor, CFD:er och kryptovalutor \u00e4r mycket spekulativ, medf\u00f6r en icke f\u00f6rsumbar risk och kanske inte \u00e4r l\u00e4mplig f\u00f6r alla investerare.\nDu kan f\u00f6rlora en del av eller hela ditt investerade kapital, d\u00e4rf\u00f6r b\u00f6r du inte spekulera med kapital som du inte har r\u00e5d att f\u00f6rlora.\nV\u00e4nligen se riskinformationen nedan.\nInnovation Tact g\u00f6r inga vinster eller f\u00f6rluster baserat p\u00e5 din aktivitet och fungerar som ett tj\u00e4nstef\u00f6retag.\nInnovation Tact \u00e4r inte ett f\u00f6retag som tillhandah\u00e5ller finansiella tj\u00e4nster och \u00e4r inte ber\u00e4ttigat att ge finansiell r\u00e5dgivning.\nD\u00e4rf\u00f6r ska Innovation Tact inte h\u00e5llas ansvarigt f\u00f6r eventuella f\u00f6rluster som uppst\u00e5r via eller i samband med denna informationswebbplats.     <br\/>\n<br\/>  UPPLYSNING OM WEBBPLATSRISK: Innovation Tact tar inte n\u00e5got ansvar f\u00f6r f\u00f6rlust eller skada till f\u00f6ljd av att man f\u00f6rlitar sig p\u00e5 informationen p\u00e5 denna webbplats; detta inkluderar utbildningsmaterial, prisnoteringar och diagram samt analys.\nVar medveten om och s\u00f6k professionell r\u00e5dgivning f\u00f6r de risker som \u00e4r f\u00f6rknippade med handel p\u00e5 de finansiella marknaderna; investera aldrig mer pengar \u00e4n du kan riskera att f\u00f6rlora.\nRiskerna med FX, CFD och kryptovalutor kanske inte \u00e4r l\u00e4mpliga f\u00f6r alla investerare.\nInnovation Tact tar inte ansvar f\u00f6r eventuella handelsf\u00f6rluster som du kan drabbas av till f\u00f6ljd av att du anv\u00e4nder eller drar slutsatser av de uppgifter som finns p\u00e5 denna webbplats.   <br\/>\n<br\/>  JURIDISKA BEGR\u00c4NSNINGAR: Utan att begr\u00e4nsa de ovan n\u00e4mnda best\u00e4mmelserna f\u00f6rst\u00e5r du att lagar om finansiella aktiviteter varierar \u00f6ver hela v\u00e4rlden, och det \u00e4r ditt ansvar att se till att du f\u00f6ljer alla lagar, f\u00f6rordningar eller riktlinjer i ditt bos\u00e4ttningsland avseende anv\u00e4ndningen av webbplatsen.\nF\u00f6r att undvika varje tvivel inneb\u00e4r m\u00f6jligheten att f\u00e5 tillg\u00e5ng till v\u00e5r webbplats inte n\u00f6dv\u00e4ndigtvis att v\u00e5ra tj\u00e4nster och\/eller dina aktiviteter via webbplatsen \u00e4r lagliga enligt de lagar, f\u00f6rordningar eller direktiv som g\u00e4ller i ditt bos\u00e4ttningsland.\nDet \u00e4r olagligt att uppmana amerikanska privatpersoner att k\u00f6pa och s\u00e4lja r\u00e5varuoptioner, \u00e4ven om de kallas &#8221;prediction&#8221;-kontrakt, s\u00e5vida de inte \u00e4r noterade f\u00f6r handel och handlas p\u00e5 en CFTC-registrerad b\u00f6rs, s\u00e5vida de inte \u00e4r undantagna enligt lag.\nStorbritanniens Financial Conduct Authority har utf\u00e4rdat ett policyuttalande PS20\/10, som f\u00f6rbjuder f\u00f6rs\u00e4ljning, marknadsf\u00f6ring och distribution av CFD p\u00e5 kryptotillg\u00e5ngar.\nDet f\u00f6rbjuder spridning av marknadsf\u00f6ringsmaterial avseende distribution av CFD:er och andra finansiella produkter baserade p\u00e5 kryptovalutor som riktar sig till inv\u00e5nare i Storbritannien.\nTillhandah\u00e5llande av handelstj\u00e4nster som omfattar finansiella instrument enligt MiFID II \u00e4r f\u00f6rbjudet i EU, s\u00e5vida det inte har godk\u00e4nts\/licensierats av de till\u00e4mpliga myndigheterna och\/eller tillsynsmyndigheterna.\nObservera att vi kan f\u00e5 reklamavgifter f\u00f6r anv\u00e4ndare som v\u00e4ljer att \u00f6ppna ett konto hos v\u00e5ra partnerannons\u00f6rer via annons\u00f6rernas webbplatser.\nVi har placerat cookies p\u00e5 din dator f\u00f6r att f\u00f6rb\u00e4ttra din upplevelse n\u00e4r du bes\u00f6ker denna webbplats.\nDu kan n\u00e4r som helst \u00e4ndra inst\u00e4llningarna f\u00f6r cookies p\u00e5 din dator.\nAnv\u00e4ndning av denna webbplats inneb\u00e4r att du accepterar denna webbplats.         <br\/>\n<br\/>  Observera att de namn som f\u00f6rekommer p\u00e5 v\u00e5r webbplats, inklusive men inte begr\u00e4nsat till Innovation Tact, endast \u00e4r avsedda f\u00f6r marknadsf\u00f6rings- och illustrations\u00e4ndam\u00e5l.\nDessa namn representerar inte eller antyder inte f\u00f6rekomsten av specifika enheter, tj\u00e4nsteleverant\u00f6rer eller n\u00e5gra verkliga personer.\nVidare \u00e4r de bilder och\/eller videor som presenteras p\u00e5 v\u00e5r webbplats enbart av reklamkarakt\u00e4r och visar professionella sk\u00e5despelare.\nDessa sk\u00e5despelare \u00e4r inte faktiska anv\u00e4ndare, kunder eller handlare, och deras avbildningar ska inte tolkas som rekommendationer eller representationer av verkliga erfarenheter.\nAllt inneh\u00e5ll \u00e4r endast avsett f\u00f6r illustrativa \u00e4ndam\u00e5l och ska inte tolkas som fakta eller som att det bildar n\u00e5got r\u00e4ttsligt bindande f\u00f6rh\u00e5llande.    <\/div>\n      <\/div>\n    <\/footer>\n  <\/div>\n","protected":false},"excerpt":{"rendered":"<p>Om Innovation Tact F\u00f6lj med p\u00e5 en expedition in i k\u00e4rnan av Innovation Tact I&hellip;<\/p>\n","protected":false},"author":1,"featured_media":0,"parent":0,"menu_order":0,"comment_status":"closed","ping_status":"closed","template":"","meta":{"rank_math_lock_modified_date":false,"_monsterinsights_skip_tracking":false,"_monsterinsights_sitenote_active":false,"_monsterinsights_sitenote_note":"","_monsterinsights_sitenote_category":0,"footnotes":""},"class_list":["post-450","page","type-page","status-publish","hentry"],"_links":{"self":[{"href":"https:\/\/innovation-tact.com\/sv\/wp-json\/wp\/v2\/pages\/450","targetHints":{"allow":["GET"]}}],"collection":[{"href":"https:\/\/innovation-tact.com\/sv\/wp-json\/wp\/v2\/pages"}],"about":[{"href":"https:\/\/innovation-tact.com\/sv\/wp-json\/wp\/v2\/types\/page"}],"author":[{"embeddable":true,"href":"https:\/\/innovation-tact.com\/sv\/wp-json\/wp\/v2\/users\/1"}],"replies":[{"embeddable":true,"href":"https:\/\/innovation-tact.com\/sv\/wp-json\/wp\/v2\/comments?post=450"}],"version-history":[{"count":1,"href":"https:\/\/innovation-tact.com\/sv\/wp-json\/wp\/v2\/pages\/450\/revisions"}],"predecessor-version":[{"id":453,"href":"https:\/\/innovation-tact.com\/sv\/wp-json\/wp\/v2\/pages\/450\/revisions\/453"}],"wp:attachment":[{"href":"https:\/\/innovation-tact.com\/sv\/wp-json\/wp\/v2\/media?parent=450"}],"curies":[{"name":"wp","href":"https:\/\/api.w.org\/{rel}","templated":true}]}}